{"id":418,"date":"2025-12-16T13:46:03","date_gmt":"2025-12-16T12:46:03","guid":{"rendered":"https:\/\/www.msgestoriavalencia.es\/?page_id=418"},"modified":"2025-12-31T17:21:41","modified_gmt":"2025-12-31T16:21:41","slug":"permisos-de-residencia","status":"publish","type":"page","link":"https:\/\/www.msgestoriavalencia.es\/en\/permisos-de-residencia\/","title":{"rendered":"Residence permits"},"content":{"rendered":"<div data-elementor-type=\"wp-page\" data-elementor-id=\"418\" class=\"elementor elementor-418\" data-elementor-post-type=\"page\">\n\t\t\t\t<div class=\"elementor-element elementor-element-3934904 e-flex e-con-boxed e-con e-parent\" data-id=\"3934904\" data-element_type=\"container\" data-e-type=\"container\" data-settings=\"{&quot;background_background&quot;:&quot;classic&quot;}\">\n\t\t\t\t\t<div class=\"e-con-inner\">\n\t\t<div class=\"elementor-element elementor-element-5b44c3ea e-con-full e-flex e-con e-child\" data-id=\"5b44c3ea\" data-element_type=\"container\" data-e-type=\"container\">\n\t\t\t\t<div class=\"elementor-element elementor-element-8f0c070 elementor-invisible elementor-widget elementor-widget-heading\" data-id=\"8f0c070\" data-element_type=\"widget\" data-e-type=\"widget\" data-settings=\"{&quot;_animation&quot;:&quot;fadeInUp&quot;}\" data-widget_type=\"heading.default\">\n\t\t\t\t<div class=\"elementor-widget-container\">\n\t\t\t\t\t<h1 class=\"elementor-heading-title elementor-size-default\">Residence permits<\/h1>\t\t\t\t<\/div>\n\t\t\t\t<\/div>\n\t\t\t\t<\/div>\n\t\t\t\t\t<\/div>\n\t\t\t\t<\/div>\n\t\t<div class=\"elementor-element elementor-element-1aaa4101 e-flex e-con-boxed e-con e-parent\" data-id=\"1aaa4101\" data-element_type=\"container\" data-e-type=\"container\" data-settings=\"{&quot;background_background&quot;:&quot;classic&quot;}\">\n\t\t\t\t\t<div class=\"e-con-inner\">\n\t\t<div class=\"elementor-element elementor-element-79c6da7 e-flex e-con-boxed elementor-invisible e-con e-child\" data-id=\"79c6da7\" data-element_type=\"container\" data-e-type=\"container\" data-settings=\"{&quot;animation&quot;:&quot;fadeInUp&quot;}\">\n\t\t\t\t\t<div class=\"e-con-inner\">\n\t\t\t\t<div class=\"elementor-element elementor-element-49154871 elementor-widget elementor-widget-heading\" data-id=\"49154871\" data-element_type=\"widget\" data-e-type=\"widget\" data-widget_type=\"heading.default\">\n\t\t\t\t<div class=\"elementor-widget-container\">\n\t\t\t\t\t<div class=\"elementor-heading-title elementor-size-default\">REGULARIZE YOUR STATUS IN SPAIN<\/div>\t\t\t\t<\/div>\n\t\t\t\t<\/div>\n\t\t\t\t<div class=\"elementor-element elementor-element-128cef6 elementor-widget elementor-widget-heading\" data-id=\"128cef6\" data-element_type=\"widget\" data-e-type=\"widget\" data-widget_type=\"heading.default\">\n\t\t\t\t<div class=\"elementor-widget-container\">\n\t\t\t\t\t<h2 class=\"elementor-heading-title elementor-size-default\">Immigration procedures<\/h2>\t\t\t\t<\/div>\n\t\t\t\t<\/div>\n\t\t\t\t<div class=\"elementor-element elementor-element-514cc1dc elementor-widget elementor-widget-text-editor\" data-id=\"514cc1dc\" data-element_type=\"widget\" data-e-type=\"widget\" data-widget_type=\"text-editor.default\">\n\t\t\t\t<div class=\"elementor-widget-container\">\n\t\t\t\t\t\t\t\t\t<p class=\"p1\">At MS Gestor\u00eda Valencia, we advise you on all types of permits and authorizations so you can live, work, or reunite with your family in Spain with complete legal security. We guide you from the first step until you have your residence card in hand, answering all your questions and processing all the necessary paperwork for you.<\/p>\t\t\t\t\t\t\t\t<\/div>\n\t\t\t\t<\/div>\n\t\t\t\t\t<\/div>\n\t\t\t\t<\/div>\n\t\t<div class=\"elementor-element elementor-element-4d6af2ee e-con-full e-grid elementor-invisible e-con e-child\" data-id=\"4d6af2ee\" data-element_type=\"container\" data-e-type=\"container\" data-settings=\"{&quot;animation&quot;:&quot;fadeIn&quot;,&quot;animation_delay&quot;:200}\">\n\t\t<div class=\"elementor-element elementor-element-73350fe0 e-con-full e-flex e-con e-child\" data-id=\"73350fe0\" data-element_type=\"container\" data-e-type=\"container\">\n\t\t\t\t<div class=\"elementor-element elementor-element-2ee779d2 elementor-view-framed elementor-position-inline-start elementor-tablet-position-block-start elementor-mobile-position-inline-start elementor-shape-circle elementor-widget elementor-widget-icon-box\" data-id=\"2ee779d2\" data-element_type=\"widget\" data-e-type=\"widget\" data-widget_type=\"icon-box.default\">\n\t\t\t\t<div class=\"elementor-widget-container\">\n\t\t\t\t\t\t\t<div class=\"elementor-icon-box-wrapper\">\n\n\t\t\t\t\t\t<div class=\"elementor-icon-box-icon\">\n\t\t\t\t<a href=\"https:\/\/www.msgestoriavalencia.es\/en\/permisos-de-residencia\/arraigo-de-segunda-oportunidad\/\" class=\"elementor-icon\" tabindex=\"-1\" aria-label=\"Second chance settlement\">\n\t\t\t\t<i aria-hidden=\"true\" class=\"fas fa-arrow-circle-right\"><\/i>\t\t\t\t<\/a>\n\t\t\t<\/div>\n\t\t\t\n\t\t\t\t\t\t<div class=\"elementor-icon-box-content\">\n\n\t\t\t\t\t\t\t\t\t<h3 class=\"elementor-icon-box-title\">\n\t\t\t\t\t\t<a href=\"https:\/\/www.msgestoriavalencia.es\/en\/permisos-de-residencia\/arraigo-de-segunda-oportunidad\/\" >\n\t\t\t\t\t\t\tSecond chance settlement\t\t\t\t\t\t<\/a>\n\t\t\t\t\t<\/h3>\n\t\t\t\t\n\t\t\t\t\n\t\t\t<\/div>\n\t\t\t\n\t\t<\/div>\n\t\t\t\t\t\t<\/div>\n\t\t\t\t<\/div>\n\t\t\t\t<\/div>\n\t\t<div class=\"elementor-element elementor-element-459d9e3a e-con-full e-flex e-con e-child\" data-id=\"459d9e3a\" data-element_type=\"container\" data-e-type=\"container\">\n\t\t\t\t<div class=\"elementor-element elementor-element-3a3bd219 elementor-view-framed elementor-position-inline-start elementor-tablet-position-block-start elementor-mobile-position-inline-start elementor-shape-circle elementor-widget elementor-widget-icon-box\" data-id=\"3a3bd219\" data-element_type=\"widget\" data-e-type=\"widget\" data-widget_type=\"icon-box.default\">\n\t\t\t\t<div class=\"elementor-widget-container\">\n\t\t\t\t\t\t\t<div class=\"elementor-icon-box-wrapper\">\n\n\t\t\t\t\t\t<div class=\"elementor-icon-box-icon\">\n\t\t\t\t<a href=\"https:\/\/www.msgestoriavalencia.es\/en\/permisos-de-residencia\/arraigo-social\/\" class=\"elementor-icon\" tabindex=\"-1\" aria-label=\"Social integration\">\n\t\t\t\t<i aria-hidden=\"true\" class=\"fas fa-arrow-circle-right\"><\/i>\t\t\t\t<\/a>\n\t\t\t<\/div>\n\t\t\t\n\t\t\t\t\t\t<div class=\"elementor-icon-box-content\">\n\n\t\t\t\t\t\t\t\t\t<h3 class=\"elementor-icon-box-title\">\n\t\t\t\t\t\t<a href=\"https:\/\/www.msgestoriavalencia.es\/en\/permisos-de-residencia\/arraigo-social\/\" >\n\t\t\t\t\t\t\tSocial integration\t\t\t\t\t\t<\/a>\n\t\t\t\t\t<\/h3>\n\t\t\t\t\n\t\t\t\t\n\t\t\t<\/div>\n\t\t\t\n\t\t<\/div>\n\t\t\t\t\t\t<\/div>\n\t\t\t\t<\/div>\n\t\t\t\t<\/div>\n\t\t<div class=\"elementor-element elementor-element-627f0892 e-con-full e-flex e-con e-child\" data-id=\"627f0892\" data-element_type=\"container\" data-e-type=\"container\">\n\t\t\t\t<div class=\"elementor-element elementor-element-7c9469f9 elementor-view-framed elementor-position-inline-start elementor-tablet-position-block-start elementor-mobile-position-inline-start elementor-shape-circle elementor-widget elementor-widget-icon-box\" data-id=\"7c9469f9\" data-element_type=\"widget\" data-e-type=\"widget\" data-widget_type=\"icon-box.default\">\n\t\t\t\t<div class=\"elementor-widget-container\">\n\t\t\t\t\t\t\t<div class=\"elementor-icon-box-wrapper\">\n\n\t\t\t\t\t\t<div class=\"elementor-icon-box-icon\">\n\t\t\t\t<a href=\"https:\/\/www.msgestoriavalencia.es\/en\/permisos-de-residencia\/arraigo-sociolaboral\/\" class=\"elementor-icon\" tabindex=\"-1\" aria-label=\"Social and employment integration\">\n\t\t\t\t<i aria-hidden=\"true\" class=\"fas fa-arrow-circle-right\"><\/i>\t\t\t\t<\/a>\n\t\t\t<\/div>\n\t\t\t\n\t\t\t\t\t\t<div class=\"elementor-icon-box-content\">\n\n\t\t\t\t\t\t\t\t\t<h3 class=\"elementor-icon-box-title\">\n\t\t\t\t\t\t<a href=\"https:\/\/www.msgestoriavalencia.es\/en\/permisos-de-residencia\/arraigo-sociolaboral\/\" >\n\t\t\t\t\t\t\tSocial and employment integration\t\t\t\t\t\t<\/a>\n\t\t\t\t\t<\/h3>\n\t\t\t\t\n\t\t\t\t\n\t\t\t<\/div>\n\t\t\t\n\t\t<\/div>\n\t\t\t\t\t\t<\/div>\n\t\t\t\t<\/div>\n\t\t\t\t<\/div>\n\t\t<div class=\"elementor-element elementor-element-5af22b59 e-con-full e-flex e-con e-child\" data-id=\"5af22b59\" data-element_type=\"container\" data-e-type=\"container\">\n\t\t\t\t<div class=\"elementor-element elementor-element-4c3d2c1e elementor-view-framed elementor-position-inline-start elementor-tablet-position-block-start elementor-mobile-position-inline-start elementor-shape-circle elementor-widget elementor-widget-icon-box\" data-id=\"4c3d2c1e\" data-element_type=\"widget\" data-e-type=\"widget\" data-widget_type=\"icon-box.default\">\n\t\t\t\t<div class=\"elementor-widget-container\">\n\t\t\t\t\t\t\t<div class=\"elementor-icon-box-wrapper\">\n\n\t\t\t\t\t\t<div class=\"elementor-icon-box-icon\">\n\t\t\t\t<a href=\"https:\/\/www.msgestoriavalencia.es\/en\/permisos-de-residencia\/arraigo-socioformativo\/\" class=\"elementor-icon\" tabindex=\"-1\" aria-label=\"Socio-educational roots\">\n\t\t\t\t<i aria-hidden=\"true\" class=\"fas fa-arrow-circle-right\"><\/i>\t\t\t\t<\/a>\n\t\t\t<\/div>\n\t\t\t\n\t\t\t\t\t\t<div class=\"elementor-icon-box-content\">\n\n\t\t\t\t\t\t\t\t\t<h3 class=\"elementor-icon-box-title\">\n\t\t\t\t\t\t<a href=\"https:\/\/www.msgestoriavalencia.es\/en\/permisos-de-residencia\/arraigo-socioformativo\/\" >\n\t\t\t\t\t\t\tSocio-educational roots\t\t\t\t\t\t<\/a>\n\t\t\t\t\t<\/h3>\n\t\t\t\t\n\t\t\t\t\n\t\t\t<\/div>\n\t\t\t\n\t\t<\/div>\n\t\t\t\t\t\t<\/div>\n\t\t\t\t<\/div>\n\t\t\t\t<\/div>\n\t\t<div class=\"elementor-element elementor-element-73c40883 e-con-full e-flex e-con e-child\" data-id=\"73c40883\" data-element_type=\"container\" data-e-type=\"container\">\n\t\t\t\t<div class=\"elementor-element elementor-element-5ab668ae elementor-view-framed elementor-position-inline-start elementor-tablet-position-block-start elementor-mobile-position-inline-start elementor-shape-circle elementor-widget elementor-widget-icon-box\" data-id=\"5ab668ae\" data-element_type=\"widget\" data-e-type=\"widget\" data-widget_type=\"icon-box.default\">\n\t\t\t\t<div class=\"elementor-widget-container\">\n\t\t\t\t\t\t\t<div class=\"elementor-icon-box-wrapper\">\n\n\t\t\t\t\t\t<div class=\"elementor-icon-box-icon\">\n\t\t\t\t<a href=\"https:\/\/www.msgestoriavalencia.es\/en\/permisos-de-residencia\/reagrupacion-familiar\/\" class=\"elementor-icon\" tabindex=\"-1\" aria-label=\"Family reunification\">\n\t\t\t\t<i aria-hidden=\"true\" class=\"fas fa-arrow-circle-right\"><\/i>\t\t\t\t<\/a>\n\t\t\t<\/div>\n\t\t\t\n\t\t\t\t\t\t<div class=\"elementor-icon-box-content\">\n\n\t\t\t\t\t\t\t\t\t<h3 class=\"elementor-icon-box-title\">\n\t\t\t\t\t\t<a href=\"https:\/\/www.msgestoriavalencia.es\/en\/permisos-de-residencia\/reagrupacion-familiar\/\" >\n\t\t\t\t\t\t\tFamily reunification\t\t\t\t\t\t<\/a>\n\t\t\t\t\t<\/h3>\n\t\t\t\t\n\t\t\t\t\n\t\t\t<\/div>\n\t\t\t\n\t\t<\/div>\n\t\t\t\t\t\t<\/div>\n\t\t\t\t<\/div>\n\t\t\t\t<\/div>\n\t\t<div class=\"elementor-element elementor-element-44295b51 e-con-full e-flex e-con e-child\" data-id=\"44295b51\" data-element_type=\"container\" data-e-type=\"container\">\n\t\t\t\t<div class=\"elementor-element elementor-element-60f8f146 elementor-view-framed elementor-position-inline-start elementor-tablet-position-block-start elementor-mobile-position-inline-start elementor-shape-circle elementor-widget elementor-widget-icon-box\" data-id=\"60f8f146\" data-element_type=\"widget\" data-e-type=\"widget\" data-widget_type=\"icon-box.default\">\n\t\t\t\t<div class=\"elementor-widget-container\">\n\t\t\t\t\t\t\t<div class=\"elementor-icon-box-wrapper\">\n\n\t\t\t\t\t\t<div class=\"elementor-icon-box-icon\">\n\t\t\t\t<a href=\"https:\/\/www.msgestoriavalencia.es\/en\/permisos-de-residencia\/familiar-de-persona-con-nacionalidad-espanola\/\" class=\"elementor-icon\" tabindex=\"-1\" aria-label=\"Family member of a person with Spanish nationality\">\n\t\t\t\t<i aria-hidden=\"true\" class=\"fas fa-arrow-circle-right\"><\/i>\t\t\t\t<\/a>\n\t\t\t<\/div>\n\t\t\t\n\t\t\t\t\t\t<div class=\"elementor-icon-box-content\">\n\n\t\t\t\t\t\t\t\t\t<h3 class=\"elementor-icon-box-title\">\n\t\t\t\t\t\t<a href=\"https:\/\/www.msgestoriavalencia.es\/en\/permisos-de-residencia\/familiar-de-persona-con-nacionalidad-espanola\/\" >\n\t\t\t\t\t\t\tFamily member of a person with Spanish nationality\t\t\t\t\t\t<\/a>\n\t\t\t\t\t<\/h3>\n\t\t\t\t\n\t\t\t\t\n\t\t\t<\/div>\n\t\t\t\n\t\t<\/div>\n\t\t\t\t\t\t<\/div>\n\t\t\t\t<\/div>\n\t\t\t\t<\/div>\n\t\t<div class=\"elementor-element elementor-element-4bc1cb02 e-con-full e-flex e-con e-child\" data-id=\"4bc1cb02\" data-element_type=\"container\" data-e-type=\"container\">\n\t\t\t\t<div class=\"elementor-element elementor-element-7700de0f elementor-view-framed elementor-position-inline-start elementor-tablet-position-block-start elementor-mobile-position-inline-start elementor-shape-circle elementor-widget elementor-widget-icon-box\" data-id=\"7700de0f\" data-element_type=\"widget\" data-e-type=\"widget\" data-widget_type=\"icon-box.default\">\n\t\t\t\t<div class=\"elementor-widget-container\">\n\t\t\t\t\t\t\t<div class=\"elementor-icon-box-wrapper\">\n\n\t\t\t\t\t\t<div class=\"elementor-icon-box-icon\">\n\t\t\t\t<a href=\"https:\/\/www.msgestoriavalencia.es\/en\/permisos-de-residencia\/modificacion-permiso-de-residencia\/\" class=\"elementor-icon\" tabindex=\"-1\" aria-label=\"Modification of residence permit\">\n\t\t\t\t<i aria-hidden=\"true\" class=\"fas fa-arrow-circle-right\"><\/i>\t\t\t\t<\/a>\n\t\t\t<\/div>\n\t\t\t\n\t\t\t\t\t\t<div class=\"elementor-icon-box-content\">\n\n\t\t\t\t\t\t\t\t\t<h3 class=\"elementor-icon-box-title\">\n\t\t\t\t\t\t<a href=\"https:\/\/www.msgestoriavalencia.es\/en\/permisos-de-residencia\/modificacion-permiso-de-residencia\/\" >\n\t\t\t\t\t\t\tModification of residence permit\t\t\t\t\t\t<\/a>\n\t\t\t\t\t<\/h3>\n\t\t\t\t\n\t\t\t\t\n\t\t\t<\/div>\n\t\t\t\n\t\t<\/div>\n\t\t\t\t\t\t<\/div>\n\t\t\t\t<\/div>\n\t\t\t\t<\/div>\n\t\t<div class=\"elementor-element elementor-element-20794ccd e-con-full e-flex e-con e-child\" data-id=\"20794ccd\" data-element_type=\"container\" data-e-type=\"container\">\n\t\t\t\t<div class=\"elementor-element elementor-element-1bb1d84f elementor-view-framed elementor-position-inline-start elementor-tablet-position-block-start elementor-mobile-position-inline-start elementor-shape-circle elementor-widget elementor-widget-icon-box\" data-id=\"1bb1d84f\" data-element_type=\"widget\" data-e-type=\"widget\" data-widget_type=\"icon-box.default\">\n\t\t\t\t<div class=\"elementor-widget-container\">\n\t\t\t\t\t\t\t<div class=\"elementor-icon-box-wrapper\">\n\n\t\t\t\t\t\t<div class=\"elementor-icon-box-icon\">\n\t\t\t\t<a href=\"https:\/\/www.msgestoriavalencia.es\/en\/permisos-de-residencia\/residencia-larga-duracion\/\" class=\"elementor-icon\" tabindex=\"-1\" aria-label=\"Long-term residence\">\n\t\t\t\t<i aria-hidden=\"true\" class=\"fas fa-arrow-circle-right\"><\/i>\t\t\t\t<\/a>\n\t\t\t<\/div>\n\t\t\t\n\t\t\t\t\t\t<div class=\"elementor-icon-box-content\">\n\n\t\t\t\t\t\t\t\t\t<h3 class=\"elementor-icon-box-title\">\n\t\t\t\t\t\t<a href=\"https:\/\/www.msgestoriavalencia.es\/en\/permisos-de-residencia\/residencia-larga-duracion\/\" >\n\t\t\t\t\t\t\tLong-term residence\t\t\t\t\t\t<\/a>\n\t\t\t\t\t<\/h3>\n\t\t\t\t\n\t\t\t\t\n\t\t\t<\/div>\n\t\t\t\n\t\t<\/div>\n\t\t\t\t\t\t<\/div>\n\t\t\t\t<\/div>\n\t\t\t\t<\/div>\n\t\t<div class=\"elementor-element elementor-element-343e205b e-con-full e-flex e-con e-child\" data-id=\"343e205b\" data-element_type=\"container\" data-e-type=\"container\">\n\t\t\t\t<div class=\"elementor-element elementor-element-293e3ec2 elementor-view-framed elementor-position-inline-start elementor-tablet-position-block-start elementor-mobile-position-inline-start elementor-shape-circle elementor-widget elementor-widget-icon-box\" data-id=\"293e3ec2\" data-element_type=\"widget\" data-e-type=\"widget\" data-widget_type=\"icon-box.default\">\n\t\t\t\t<div class=\"elementor-widget-container\">\n\t\t\t\t\t\t\t<div class=\"elementor-icon-box-wrapper\">\n\n\t\t\t\t\t\t<div class=\"elementor-icon-box-icon\">\n\t\t\t\t<a href=\"https:\/\/www.msgestoriavalencia.es\/en\/permisos-de-residencia\/permiso-de-residencia-no-lucrativa\/\" class=\"elementor-icon\" tabindex=\"-1\" aria-label=\"Non-profit residence\">\n\t\t\t\t<i aria-hidden=\"true\" class=\"fas fa-arrow-circle-right\"><\/i>\t\t\t\t<\/a>\n\t\t\t<\/div>\n\t\t\t\n\t\t\t\t\t\t<div class=\"elementor-icon-box-content\">\n\n\t\t\t\t\t\t\t\t\t<h3 class=\"elementor-icon-box-title\">\n\t\t\t\t\t\t<a href=\"https:\/\/www.msgestoriavalencia.es\/en\/permisos-de-residencia\/permiso-de-residencia-no-lucrativa\/\" >\n\t\t\t\t\t\t\tNon-profit residence\t\t\t\t\t\t<\/a>\n\t\t\t\t\t<\/h3>\n\t\t\t\t\n\t\t\t\t\n\t\t\t<\/div>\n\t\t\t\n\t\t<\/div>\n\t\t\t\t\t\t<\/div>\n\t\t\t\t<\/div>\n\t\t\t\t<\/div>\n\t\t\t\t<\/div>\n\t\t\t\t\t<\/div>\n\t\t\t\t<\/div>\n\t\t\t\t<\/div>","protected":false},"excerpt":{"rendered":"<p>REGULARIZA TU SITUACI\u00d3N EN ESPA\u00d1A Tr\u00e1mites de extranjer\u00eda En MS Gestor\u00eda Valencia te asesoramos en todo tipo de permisos y autorizaciones para que puedas vivir, trabajar o reunirte con tu familia en Espa\u00f1a con total seguridad jur\u00eddica. Te acompa\u00f1amos desde el primer paso hasta que tengas tu tarjeta de residencia en la mano, resolviendo todas [&hellip;]<\/p>\n","protected":false},"author":1,"featured_media":0,"parent":0,"menu_order":11,"comment_status":"closed","ping_status":"closed","template":"","meta":{"_joinchat":[],"footnotes":""},"class_list":["post-418","page","type-page","status-publish","hentry"],"yoast_head":"<!-- This site is optimized with the Yoast SEO plugin v27.4 - https:\/\/yoast.com\/product\/yoast-seo-wordpress\/ -->\n<title>Permisos de residencia - MS Gestor\u00eda Valencia<\/title>\n<meta name=\"description\" content=\"Gesti\u00f3n de autorizaciones de residencia en Espa\u00f1a: arraigo, reagrupaci\u00f3n familiar, larga duraci\u00f3n y m\u00e1s. Asesoramiento en tr\u00e1mites de extranjer\u00eda.\" \/>\n<meta name=\"robots\" content=\"index, follow, max-snippet:-1, max-image-preview:large, max-video-preview:-1\" \/>\n<link rel=\"canonical\" href=\"https:\/\/www.msgestoriavalencia.es\/en\/permisos-de-residencia\/\" \/>\n<meta property=\"og:locale\" content=\"en_US\" \/>\n<meta property=\"og:type\" content=\"article\" \/>\n<meta property=\"og:title\" content=\"Permisos de residencia - MS Gestor\u00eda Valencia\" \/>\n<meta property=\"og:description\" content=\"Gesti\u00f3n de autorizaciones de residencia en Espa\u00f1a: arraigo, reagrupaci\u00f3n familiar, larga duraci\u00f3n y m\u00e1s. Asesoramiento en tr\u00e1mites de extranjer\u00eda.\" \/>\n<meta property=\"og:url\" content=\"https:\/\/www.msgestoriavalencia.es\/en\/permisos-de-residencia\/\" \/>\n<meta property=\"og:site_name\" content=\"MS Gestor\u00eda Valencia\" \/>\n<meta property=\"article:modified_time\" content=\"2025-12-31T16:21:41+00:00\" \/>\n<meta name=\"twitter:card\" content=\"summary_large_image\" \/>\n<script type=\"application\/ld+json\" class=\"yoast-schema-graph\">{\"@context\":\"https:\\\/\\\/schema.org\",\"@graph\":[{\"@type\":\"WebPage\",\"@id\":\"https:\\\/\\\/www.msgestoriavalencia.es\\\/permisos-de-residencia\\\/\",\"url\":\"https:\\\/\\\/www.msgestoriavalencia.es\\\/permisos-de-residencia\\\/\",\"name\":\"Permisos de residencia - MS Gestor\u00eda Valencia\",\"isPartOf\":{\"@id\":\"https:\\\/\\\/www.msgestoriavalencia.es\\\/#website\"},\"datePublished\":\"2025-12-16T12:46:03+00:00\",\"dateModified\":\"2025-12-31T16:21:41+00:00\",\"description\":\"Gesti\u00f3n de autorizaciones de residencia en Espa\u00f1a: arraigo, reagrupaci\u00f3n familiar, larga duraci\u00f3n y m\u00e1s. Asesoramiento en tr\u00e1mites de extranjer\u00eda.\",\"breadcrumb\":{\"@id\":\"https:\\\/\\\/www.msgestoriavalencia.es\\\/permisos-de-residencia\\\/#breadcrumb\"},\"inLanguage\":\"en-US\",\"potentialAction\":[{\"@type\":\"ReadAction\",\"target\":[\"https:\\\/\\\/www.msgestoriavalencia.es\\\/permisos-de-residencia\\\/\"]}]},{\"@type\":\"BreadcrumbList\",\"@id\":\"https:\\\/\\\/www.msgestoriavalencia.es\\\/permisos-de-residencia\\\/#breadcrumb\",\"itemListElement\":[{\"@type\":\"ListItem\",\"position\":1,\"name\":\"Inicio\",\"item\":\"https:\\\/\\\/www.msgestoriavalencia.es\\\/\"},{\"@type\":\"ListItem\",\"position\":2,\"name\":\"Permisos de residencia\"}]},{\"@type\":\"WebSite\",\"@id\":\"https:\\\/\\\/www.msgestoriavalencia.es\\\/#website\",\"url\":\"https:\\\/\\\/www.msgestoriavalencia.es\\\/\",\"name\":\"MS Gestor\u00eda Valencia\",\"description\":\"Gestor\u00eda Administrativa Colegiada n\u00ba2368\",\"publisher\":{\"@id\":\"https:\\\/\\\/www.msgestoriavalencia.es\\\/#organization\"},\"potentialAction\":[{\"@type\":\"SearchAction\",\"target\":{\"@type\":\"EntryPoint\",\"urlTemplate\":\"https:\\\/\\\/www.msgestoriavalencia.es\\\/?s={search_term_string}\"},\"query-input\":{\"@type\":\"PropertyValueSpecification\",\"valueRequired\":true,\"valueName\":\"search_term_string\"}}],\"inLanguage\":\"en-US\"},{\"@type\":\"Organization\",\"@id\":\"https:\\\/\\\/www.msgestoriavalencia.es\\\/#organization\",\"name\":\"MS Gestor\u00eda Valencia\",\"url\":\"https:\\\/\\\/www.msgestoriavalencia.es\\\/\",\"logo\":{\"@type\":\"ImageObject\",\"inLanguage\":\"en-US\",\"@id\":\"https:\\\/\\\/www.msgestoriavalencia.es\\\/#\\\/schema\\\/logo\\\/image\\\/\",\"url\":\"https:\\\/\\\/www.msgestoriavalencia.es\\\/wp-content\\\/uploads\\\/2025\\\/12\\\/logo.jpg\",\"contentUrl\":\"https:\\\/\\\/www.msgestoriavalencia.es\\\/wp-content\\\/uploads\\\/2025\\\/12\\\/logo.jpg\",\"width\":150,\"height\":150,\"caption\":\"MS Gestor\u00eda Valencia\"},\"image\":{\"@id\":\"https:\\\/\\\/www.msgestoriavalencia.es\\\/#\\\/schema\\\/logo\\\/image\\\/\"}}]}<\/script>\n<!-- \/ Yoast SEO plugin. -->","yoast_head_json":{"title":"Residence permits - MS Gestor\u00eda Valencia","description":"Management of residence permits in Spain: residency based on roots in Spain, family reunification, long-term residency, and more. Advice on immigration procedures.","robots":{"index":"index","follow":"follow","max-snippet":"max-snippet:-1","max-image-preview":"max-image-preview:large","max-video-preview":"max-video-preview:-1"},"canonical":"https:\/\/www.msgestoriavalencia.es\/en\/permisos-de-residencia\/","og_locale":"en_US","og_type":"article","og_title":"Permisos de residencia - MS Gestor\u00eda Valencia","og_description":"Gesti\u00f3n de autorizaciones de residencia en Espa\u00f1a: arraigo, reagrupaci\u00f3n familiar, larga duraci\u00f3n y m\u00e1s. Asesoramiento en tr\u00e1mites de extranjer\u00eda.","og_url":"https:\/\/www.msgestoriavalencia.es\/en\/permisos-de-residencia\/","og_site_name":"MS Gestor\u00eda Valencia","article_modified_time":"2025-12-31T16:21:41+00:00","twitter_card":"summary_large_image","schema":{"@context":"https:\/\/schema.org","@graph":[{"@type":"WebPage","@id":"https:\/\/www.msgestoriavalencia.es\/permisos-de-residencia\/","url":"https:\/\/www.msgestoriavalencia.es\/permisos-de-residencia\/","name":"Residence permits - MS Gestor\u00eda Valencia","isPartOf":{"@id":"https:\/\/www.msgestoriavalencia.es\/#website"},"datePublished":"2025-12-16T12:46:03+00:00","dateModified":"2025-12-31T16:21:41+00:00","description":"Management of residence permits in Spain: residency based on roots in Spain, family reunification, long-term residency, and more. Advice on immigration procedures.","breadcrumb":{"@id":"https:\/\/www.msgestoriavalencia.es\/permisos-de-residencia\/#breadcrumb"},"inLanguage":"en-US","potentialAction":[{"@type":"ReadAction","target":["https:\/\/www.msgestoriavalencia.es\/permisos-de-residencia\/"]}]},{"@type":"BreadcrumbList","@id":"https:\/\/www.msgestoriavalencia.es\/permisos-de-residencia\/#breadcrumb","itemListElement":[{"@type":"ListItem","position":1,"name":"Inicio","item":"https:\/\/www.msgestoriavalencia.es\/"},{"@type":"ListItem","position":2,"name":"Permisos de residencia"}]},{"@type":"WebSite","@id":"https:\/\/www.msgestoriavalencia.es\/#website","url":"https:\/\/www.msgestoriavalencia.es\/","name":"MS Gestor\u00eda Valencia","description":"Registered Administrative Services No. 2368","publisher":{"@id":"https:\/\/www.msgestoriavalencia.es\/#organization"},"potentialAction":[{"@type":"SearchAction","target":{"@type":"EntryPoint","urlTemplate":"https:\/\/www.msgestoriavalencia.es\/?s={search_term_string}"},"query-input":{"@type":"PropertyValueSpecification","valueRequired":true,"valueName":"search_term_string"}}],"inLanguage":"en-US"},{"@type":"Organization","@id":"https:\/\/www.msgestoriavalencia.es\/#organization","name":"MS Gestor\u00eda Valencia","url":"https:\/\/www.msgestoriavalencia.es\/","logo":{"@type":"ImageObject","inLanguage":"en-US","@id":"https:\/\/www.msgestoriavalencia.es\/#\/schema\/logo\/image\/","url":"https:\/\/www.msgestoriavalencia.es\/wp-content\/uploads\/2025\/12\/logo.jpg","contentUrl":"https:\/\/www.msgestoriavalencia.es\/wp-content\/uploads\/2025\/12\/logo.jpg","width":150,"height":150,"caption":"MS Gestor\u00eda Valencia"},"image":{"@id":"https:\/\/www.msgestoriavalencia.es\/#\/schema\/logo\/image\/"}}]}},"_links":{"self":[{"href":"https:\/\/www.msgestoriavalencia.es\/en\/wp-json\/wp\/v2\/pages\/418","targetHints":{"allow":["GET"]}}],"collection":[{"href":"https:\/\/www.msgestoriavalencia.es\/en\/wp-json\/wp\/v2\/pages"}],"about":[{"href":"https:\/\/www.msgestoriavalencia.es\/en\/wp-json\/wp\/v2\/types\/page"}],"author":[{"embeddable":true,"href":"https:\/\/www.msgestoriavalencia.es\/en\/wp-json\/wp\/v2\/users\/1"}],"replies":[{"embeddable":true,"href":"https:\/\/www.msgestoriavalencia.es\/en\/wp-json\/wp\/v2\/comments?post=418"}],"version-history":[{"count":16,"href":"https:\/\/www.msgestoriavalencia.es\/en\/wp-json\/wp\/v2\/pages\/418\/revisions"}],"predecessor-version":[{"id":799,"href":"https:\/\/www.msgestoriavalencia.es\/en\/wp-json\/wp\/v2\/pages\/418\/revisions\/799"}],"wp:attachment":[{"href":"https:\/\/www.msgestoriavalencia.es\/en\/wp-json\/wp\/v2\/media?parent=418"}],"curies":[{"name":"wp","href":"https:\/\/api.w.org\/{rel}","templated":true}]}}